{"id":10,"date":"2023-04-10T15:46:27","date_gmt":"2023-04-10T13:46:27","guid":{"rendered":"https:\/\/amajomhoz.hu\/?page_id=10"},"modified":"2023-05-11T19:02:26","modified_gmt":"2023-05-11T17:02:26","slug":"cookie-tajekoztato","status":"publish","type":"page","link":"https:\/\/amajomhoz.hu\/en\/cookie-tajekoztato\/","title":{"rendered":"Cookie t\u00e1j\u00e9koztat\u00f3"},"content":{"rendered":"\n<p><em>Ezt a s\u00fctikre vonatkoz\u00f3 ir\u00e1nyelvet legut\u00f3bb 2023. janu\u00e1r 1-\u00e9n friss\u00edtett\u00fck, \u00e9s az Eur\u00f3pai Gazdas\u00e1gi T\u00e9rs\u00e9g \u00e1llampolg\u00e1raira vonatkozik.<\/em><\/p>\n\n\n\n<h3 class=\"wp-block-heading\">Err\u0151l a cookie-ir\u00e1nyelvr\u0151l<\/h3>\n\n\n\n<p>Ez a cookie-ir\u00e1nyelv elmagyar\u00e1zza, hogy mik a s\u00fctik \u00e9s hogyan haszn\u00e1ljuk \u0151ket, milyen t\u00edpus\u00fa s\u00fctiket haszn\u00e1lunk, azaz a s\u00fctik seg\u00edts\u00e9g\u00e9vel gy\u0171jt\u00f6tt inform\u00e1ci\u00f3kat, \u00e9s hogyan haszn\u00e1lj\u00e1k ezeket az inform\u00e1ci\u00f3kat, valamint hogyan lehet szab\u00e1lyozni a cookie-be\u00e1ll\u00edt\u00e1sokat. Az \u00d6n szem\u00e9lyes adatainak felhaszn\u00e1l\u00e1s\u00e1val, t\u00e1rol\u00e1s\u00e1val \u00e9s biztons\u00e1g\u00e1val kapcsolatos tov\u00e1bbi inform\u00e1ci\u00f3k\u00e9rt tekintse meg adatv\u00e9delmi ir\u00e1nyelveinket.<\/p>\n\n\n\n<p>Webhely\u00fcnk\u00f6n b\u00e1rmikor megv\u00e1ltoztathatja vagy visszavonhatja hozz\u00e1j\u00e1rul\u00e1s\u00e1t a Cookie-nyilatkozathoz<\/p>\n\n\n\n<p>Tudjon meg t\u00f6bbet arr\u00f3l, hogy kik vagyunk, hogyan veheti fel vel\u00fcnk a kapcsolatot, \u00e9s hogyan dolgozunk fel szem\u00e9lyes adatokat az Adatv\u00e9delmi ir\u00e1nyelvekben.<\/p>\n\n\n\n<h3 class=\"wp-block-heading\">Mik azok a s\u00fctik?<\/h3>\n\n\n\n<p>A s\u00fctik apr\u00f3 sz\u00f6veges f\u00e1jlok, amelyeket apr\u00f3 inform\u00e1ci\u00f3k t\u00e1rol\u00e1s\u00e1ra haszn\u00e1lnak. Amikor a webhelyet bet\u00f6lti a b\u00f6ng\u00e9sz\u0151be, azokat a k\u00e9sz\u00fcl\u00e9k\u00e9n t\u00e1rolj\u00e1k. Ezek a cookie-k seg\u00edtenek benn\u00fcnket abban, hogy a weboldal megfelel\u0151en m\u0171k\u00f6dj\u00f6n, biztons\u00e1gosabb\u00e1 v\u00e1ljon, jobb felhaszn\u00e1l\u00f3i \u00e9lm\u00e9nyt ny\u00fajtsanak, \u00e9s meg\u00e9rts\u00fck a webhely teljes\u00edtm\u00e9ny\u00e9t, valamint elemezhess\u00fck, mi m\u0171k\u00f6dik \u00e9s hol kell jav\u00edtani.<\/p>\n\n\n\n<h3 class=\"wp-block-heading\">Hogyan haszn\u00e1ljuk a s\u00fctiket?<\/h3>\n\n\n\n<p>Mivel az online szolg\u00e1ltat\u00e1sok t\u00f6bbs\u00e9ge, weboldalunk els\u0151 \u00e9s harmadik f\u00e9lt\u0151l sz\u00e1rmaz\u00f3 s\u00fctiket haszn\u00e1l t\u00f6bb c\u00e9lra. Az els\u0151 f\u00e9lt\u0151l sz\u00e1rmaz\u00f3 s\u00fctik t\u00f6bbnyire a webhely megfelel\u0151 m\u0171k\u00f6d\u00e9s\u00e9hez sz\u00fcks\u00e9gesek, \u00e9s nem gy\u0171jtenek az \u00d6n szem\u00e9lyazonos\u00edt\u00e1sra alkalmas adatait.<\/p>\n\n\n\n<p>A weboldalunkon haszn\u00e1lt harmadik f\u00e9lt\u0151l sz\u00e1rmaz\u00f3 s\u00fctik els\u0151sorban arra szolg\u00e1lnak, hogy meg\u00e9rts\u00e9k, hogyan teljes\u00edt a weboldal, hogyan viszonyulsz a weboldalunkhoz, biztons\u00e1goss\u00e1 tessz\u00fck szolg\u00e1ltat\u00e1sainkat, az \u00d6n sz\u00e1m\u00e1ra relev\u00e1ns hirdet\u00e9seket k\u00edn\u00e1ljuk, \u00e9s \u00f6sszess\u00e9g\u00e9ben jobb \u00e9s tov\u00e1bbfejlesztett felhaszn\u00e1l\u00f3t biztos\u00edtunk \u00d6nnek. tapasztalat \u00e9s seg\u00edts\u00e9g a weboldalunkkal val\u00f3 j\u00f6v\u0151beni interakci\u00f3k felgyors\u00edt\u00e1s\u00e1ban.<\/p>\n\n\n\n<h3 class=\"wp-block-heading\">Milyen t\u00edpus\u00fa s\u00fctiket haszn\u00e1lunk?<\/h3>\n\n\n\n<p>Alapvet\u0151 fontoss\u00e1g\u00fa: Egyes s\u00fctik elengedhetetlenek ahhoz, hogy \u00d6n megtapasztalhassa webhely\u00fcnk teljes funkcionalit\u00e1s\u00e1t. Lehet\u0151v\u00e9 teszik a felhaszn\u00e1l\u00f3i munkamenetek fenntart\u00e1s\u00e1t \u00e9s a biztons\u00e1gi fenyeget\u00e9sek megel\u0151z\u00e9s\u00e9t. Nem gy\u0171jtenek \u00e9s nem t\u00e1rolnak semmilyen szem\u00e9lyes inform\u00e1ci\u00f3t. P\u00e9ld\u00e1ul ezek a s\u00fctik lehet\u0151v\u00e9 teszik, hogy bejelentkezzen a fi\u00f3kj\u00e1ba, term\u00e9keket adjon hozz\u00e1 a kosar\u00e1hoz, \u00e9s biztons\u00e1gosan fizessen.<\/p>\n\n\n\n<p>Statisztik\u00e1k: Ezek a s\u00fctik olyan inform\u00e1ci\u00f3kat t\u00e1rolnak, mint a webhely l\u00e1togat\u00f3inak sz\u00e1ma, az egyedi l\u00e1togat\u00f3k sz\u00e1ma, a weboldal mely oldalai ker\u00fcltek felkeres\u00e9sre, a l\u00e1togat\u00e1s forr\u00e1sa stb. Ezek az adatok seg\u00edtenek meg\u00e9rteni \u00e9s elemezni a webhely teljes\u00edtm\u00e9ny\u00e9t \u00e9s ahol fejleszt\u00e9sre szorul.<\/p>\n\n\n\n<p>Marketing: Weboldalunk hirdet\u00e9seket jelen\u00edt meg. Ezeket a s\u00fctiket arra haszn\u00e1ljuk, hogy szem\u00e9lyre szabhassuk az \u00d6n sz\u00e1m\u00e1ra megjelen\u00edtett hirdet\u00e9seket, hogy azok sz\u00e1modra \u00e9rtelmesek legyenek. Ezek a s\u00fctik seg\u00edtenek nyomon k\u00f6vetni ezen hirdet\u00e9si kamp\u00e1nyok hat\u00e9konys\u00e1g\u00e1t.<\/p>\n\n\n\n<p>A s\u00fctikben t\u00e1rolt inform\u00e1ci\u00f3kat a harmadik f\u00e9l hirdet\u00e9sszolg\u00e1ltat\u00f3i felhaszn\u00e1lhatj\u00e1k arra is, hogy hirdet\u00e9seket jelen\u00edtsenek meg \u00d6nnek a b\u00f6ng\u00e9sz\u0151 m\u00e1s webhelyein is.<\/p>\n\n\n\n<p>Funkcion\u00e1lis: Ezek a cookie-k seg\u00edtenek bizonyos nem alapvet\u0151 funkci\u00f3k m\u0171k\u00f6d\u00e9s\u00e9ben a weboldalunkon. Ezek a funkci\u00f3k magukban foglalj\u00e1k a tartalom, p\u00e9ld\u00e1ul vide\u00f3k be\u00e1gyaz\u00e1s\u00e1t, vagy a weboldal tartalm\u00e1nak megoszt\u00e1s\u00e1t a k\u00f6z\u00f6ss\u00e9gi m\u00e9dia platformokon.<\/p>\n\n\n\n<p>Preferenci\u00e1k: Ezek a cookie-k seg\u00edtenek minket t\u00e1rolni az \u00d6n be\u00e1ll\u00edt\u00e1sait \u00e9s b\u00f6ng\u00e9sz\u00e9si be\u00e1ll\u00edt\u00e1sait, p\u00e9ld\u00e1ul a nyelvi be\u00e1ll\u00edt\u00e1sokat, hogy \u00d6n jobb \u00e9s hat\u00e9konyabb tapasztalatokat szerezzen a j\u00f6v\u0151beni webhelyl\u00e1togat\u00e1sokr\u00f3l.<\/p>\n\n\n\n<p>[cookie_audit columns=\u201dcookie,description\u201d heading=\u201dAz al\u00e1bbiakban felsoroljuk a weboldalunkon haszn\u00e1lt s\u00fctiket.\u201d]<\/p>\n\n\n\n<h3 class=\"wp-block-heading\">Hozz\u00e1j\u00e1rul\u00e1s<\/h3>\n\n\n\n<p>Amikor els\u0151 alkalommal l\u00e1togat el weboldalunkra, akkor egy el\u0151ugr\u00f3 ablakot mutatunk be a s\u00fctikkel kapcsolatos magyar\u00e1zattal. Amint r\u00e1kattint a \u201cBe\u00e1ll\u00edt\u00e1sok ment\u00e9se\u201d gombra, beleegyezik abba, hogy az el\u0151ugr\u00f3 ablakban kiv\u00e1lasztott cookie-k \u00e9s plug-inek kateg\u00f3ri\u00e1it haszn\u00e1ljuk, a jelen Cookie-ir\u00e1nyelvek szerint. A b\u00f6ng\u00e9sz\u0151j\u00e9n kereszt\u00fcl letilthatja a s\u00fctik haszn\u00e1lat\u00e1t, de k\u00e9rj\u00fck, vegye figyelembe, hogy webhely\u00fcnk m\u00e1r nem biztos, hogy megfelel\u0151en m\u0171k\u00f6dik.<\/p>\n\n\n\n<h3 class=\"wp-block-heading\">A szem\u00e9lyes adatokkal kapcsolatos jogai<\/h3>\n\n\n\n<p>Szem\u00e9lyes adataival kapcsolatban a k\u00f6vetkez\u0151 jogokkal rendelkezik:<\/p>\n\n\n\n<p>\u2022 Jogod van tudni, mi\u00e9rt van sz\u00fcks\u00e9g szem\u00e9lyes adataidra, mi fog t\u00f6rt\u00e9nni vel\u00fck, \u00e9s meddig t\u00e1rol\u00f3dnak.<\/p>\n\n\n\n<p>\u2022 Hozz\u00e1f\u00e9r\u00e9si jog: \u00d6nnek joga van hozz\u00e1f\u00e9rni a sz\u00e1munkra ismert szem\u00e9lyes adatokhoz.<\/p>\n\n\n\n<p>\u2022 A helyesb\u00edt\u00e9shez val\u00f3 jog: \u00d6nnek joga van szem\u00e9lyes adatait b\u00e1rmikor kieg\u00e9sz\u00edteni, jav\u00edtani, t\u00f6r\u00f6lni vagy blokkolni.<\/p>\n\n\n\n<p>\u2022 Ha beleegyez\u00e9s\u00e9t adja meg adatainak feldolgoz\u00e1s\u00e1hoz, akkor joga van visszavonni a beleegyez\u00e9s\u00e9t \u00e9s t\u00f6r\u00f6lni szem\u00e9lyes adatait.<\/p>\n\n\n\n<p>\u2022 Az adatok tov\u00e1bb\u00edt\u00e1s\u00e1nak joga: \u00d6nnek joga van k\u00e9rni az \u00f6sszes szem\u00e9lyes adatot az adatkezel\u0151t\u0151l, \u00e9s teljes eg\u00e9sz\u00e9ben \u00e1tadni egy m\u00e1sik adatkezel\u0151nek.<\/p>\n\n\n\n<p>\u2022 Kifog\u00e1shoz val\u00f3 jog: kifog\u00e1solhatja adatai feldolgoz\u00e1s\u00e1t. Ezt betartjuk, kiv\u00e9ve, ha a feldolgoz\u00e1snak indokolt oka van.<\/p>\n\n\n\n<p>E jogok gyakorl\u00e1s\u00e1hoz k\u00e9rj\u00fck, l\u00e9pjen kapcsolatba vel\u00fcnk. K\u00e9rj\u00fck, olvassa el a jelen Cookie-ir\u00e1nyelv alj\u00e1n tal\u00e1lhat\u00f3 el\u00e9rhet\u0151s\u00e9geket. Ha panasza van azzal kapcsolatban, hogy mik\u00e9nt kezelj\u00fck az adatait, szeretn\u00e9nk t\u0151led \u00e9rtes\u00edteni, de jogod van panaszt beny\u00fajtani a fel\u00fcgyeleti hat\u00f3s\u00e1ghoz (Adatv\u00e9delmi Hat\u00f3s\u00e1g) is.<\/p>\n","protected":false},"excerpt":{"rendered":"<p>Ezt a s\u00fctikre vonatkoz\u00f3 ir\u00e1nyelvet legut\u00f3bb 2023. janu\u00e1r 1-\u00e9n friss\u00edtett\u00fck, \u00e9s az Eur\u00f3pai Gazdas\u00e1gi T\u00e9rs\u00e9g \u00e1llampolg\u00e1raira vonatkozik. Err\u0151l a cookie-ir\u00e1nyelvr\u0151l Ez a cookie-ir\u00e1nyelv elmagyar\u00e1zza, hogy mik a s\u00fctik \u00e9s hogyan haszn\u00e1ljuk \u0151ket, milyen t\u00edpus\u00fa s\u00fctiket haszn\u00e1lunk, azaz a s\u00fctik seg\u00edts\u00e9g\u00e9vel gy\u0171jt\u00f6tt inform\u00e1ci\u00f3kat, \u00e9s hogyan haszn\u00e1lj\u00e1k ezeket az inform\u00e1ci\u00f3kat, valamint hogyan lehet szab\u00e1lyozni a cookie-be\u00e1ll\u00edt\u00e1sokat. Az [&hellip;]<\/p>\n","protected":false},"author":2,"featured_media":0,"parent":0,"menu_order":0,"comment_status":"closed","ping_status":"closed","template":"","meta":{"iawp_total_views":104,"footnotes":""},"class_list":["post-10","page","type-page","status-publish","hentry"],"blocksy_meta":[],"_links":{"self":[{"href":"https:\/\/amajomhoz.hu\/en\/wp-json\/wp\/v2\/pages\/10","targetHints":{"allow":["GET"]}}],"collection":[{"href":"https:\/\/amajomhoz.hu\/en\/wp-json\/wp\/v2\/pages"}],"about":[{"href":"https:\/\/amajomhoz.hu\/en\/wp-json\/wp\/v2\/types\/page"}],"author":[{"embeddable":true,"href":"https:\/\/amajomhoz.hu\/en\/wp-json\/wp\/v2\/users\/2"}],"replies":[{"embeddable":true,"href":"https:\/\/amajomhoz.hu\/en\/wp-json\/wp\/v2\/comments?post=10"}],"version-history":[{"count":0,"href":"https:\/\/amajomhoz.hu\/en\/wp-json\/wp\/v2\/pages\/10\/revisions"}],"wp:attachment":[{"href":"https:\/\/amajomhoz.hu\/en\/wp-json\/wp\/v2\/media?parent=10"}],"curies":[{"name":"wp","href":"https:\/\/api.w.org\/{rel}","templated":true}]}}